{"id":31,"date":"2017-05-09T13:53:27","date_gmt":"2017-05-09T11:53:27","guid":{"rendered":"http:\/\/localhost\/wordpress\/?page_id=31"},"modified":"2026-03-24T19:36:58","modified_gmt":"2026-03-24T18:36:58","slug":"trainingszeiten-2","status":"publish","type":"page","link":"https:\/\/hc-tuebingen.de\/?page_id=31","title":{"rendered":"Trainingszeiten Feld"},"content":{"rendered":"<p>FELDSAISON 2026<\/p>\r\n<!-- \/wp:post-content -->\r\n\r\n<!-- wp:paragraph {\"textColor\":\"vivid-red\"} -->\r\n<p class=\"has-vivid-red-color has-text-color\"><strong>Mittwochs &amp; Freitags<\/strong> \/\/ <strong>Jahnallee<\/strong><\/p>\r\n<hr \/>\r\n<p><strong>Minis\/Mixed unter 8<\/strong><\/p>\r\n<p><strong>15:45<\/strong> Aufw\u00e4rmen <br \/><strong>16:00 \u2013 16:45<\/strong><\/p>\r\n<p>Training Trainer: Alex<\/p>\r\n<hr \/>\r\n<p><strong>M\u00e4nnliche Jugend unter 12<\/strong><\/p>\r\n<p><strong>16:15 <\/strong>Aufw\u00e4rmen<strong> <br \/>16:45 \u2013 17:45 <\/strong>Training<\/p>\r\n<p><strong>Weibliche Jugend unter 12<\/strong><\/p>\r\n<p><strong>16:15 <\/strong>Aufw\u00e4rmen<strong> <br \/>16:45 \u2013 17:45 <\/strong>Training<\/p>\r\n<p>Trainer: Anne &amp; L\u00e9onie<\/p>\r\n<hr \/>\r\n<p><strong>M\u00e4nnliche Jugend unter 16<\/strong><\/p>\r\n<p><strong>17:15<\/strong> Aufw\u00e4rmen <br \/><strong>17:45 \u2013 19:15<\/strong> Training<\/p>\r\n<p class=\"has-vivid-red-color has-text-color\"><strong>Weibliche Jugend unter 16<\/strong><\/p>\r\n<p><strong>17:15<\/strong>\u00a0Aufw\u00e4rmen <br \/><strong>17:45 \u2013 19:15<\/strong>\u00a0Training<\/p>\r\n<p>Trainer: Anne, L\u00e9onie &amp; Alex<\/p>","protected":false},"excerpt":{"rendered":"<p>FELDSAISON 2026 Mittwochs &amp; Freitags \/\/ Jahnallee Minis\/Mixed unter 8 15:45 Aufw\u00e4rmen 16:00 \u2013 16:45 Training Trainer: Alex M\u00e4nnliche Jugend unter 12 16:15 Aufw\u00e4rmen 16:45 \u2013 17:45 Training Weibliche Jugend unter 12 16:15 Aufw\u00e4rmen 16:45 \u2013 17:45 Training Trainer: Anne &amp; L\u00e9onie M\u00e4nnliche Jugend unter 16 17:15 Aufw\u00e4rmen 17:45 \u2013 19:15 Training Weibliche Jugend unter &hellip; <a href=\"https:\/\/hc-tuebingen.de\/?page_id=31\" class=\"more-link\">Weiterlesen <span class=\"screen-reader-text\">Trainingszeiten Feld<\/span><\/a><\/p>\n","protected":false},"author":1,"featured_media":0,"parent":29,"menu_order":0,"comment_status":"closed","ping_status":"closed","template":"","meta":{"footnotes":""},"class_list":["post-31","page","type-page","status-publish","hentry","without-featured-image"],"jetpack_sharing_enabled":true,"jetpack_shortlink":"https:\/\/wp.me\/P9nm0i-v","jetpack_likes_enabled":true,"_links":{"self":[{"href":"https:\/\/hc-tuebingen.de\/index.php?rest_route=\/wp\/v2\/pages\/31","targetHints":{"allow":["GET"]}}],"collection":[{"href":"https:\/\/hc-tuebingen.de\/index.php?rest_route=\/wp\/v2\/pages"}],"about":[{"href":"https:\/\/hc-tuebingen.de\/index.php?rest_route=\/wp\/v2\/types\/page"}],"author":[{"embeddable":true,"href":"https:\/\/hc-tuebingen.de\/index.php?rest_route=\/wp\/v2\/users\/1"}],"replies":[{"embeddable":true,"href":"https:\/\/hc-tuebingen.de\/index.php?rest_route=%2Fwp%2Fv2%2Fcomments&post=31"}],"version-history":[{"count":15,"href":"https:\/\/hc-tuebingen.de\/index.php?rest_route=\/wp\/v2\/pages\/31\/revisions"}],"predecessor-version":[{"id":2734,"href":"https:\/\/hc-tuebingen.de\/index.php?rest_route=\/wp\/v2\/pages\/31\/revisions\/2734"}],"up":[{"embeddable":true,"href":"https:\/\/hc-tuebingen.de\/index.php?rest_route=\/wp\/v2\/pages\/29"}],"wp:attachment":[{"href":"https:\/\/hc-tuebingen.de\/index.php?rest_route=%2Fwp%2Fv2%2Fmedia&parent=31"}],"curies":[{"name":"wp","href":"https:\/\/api.w.org\/{rel}","templated":true}]}}