{"id":29,"date":"2017-05-09T13:53:09","date_gmt":"2017-05-09T11:53:09","guid":{"rendered":"http:\/\/localhost\/wordpress\/?page_id=29"},"modified":"2026-03-24T19:51:25","modified_gmt":"2026-03-24T18:51:25","slug":"jugend","status":"publish","type":"page","link":"https:\/\/hc-tuebingen.de\/?page_id=29","title":{"rendered":"Unsere Jugend"},"content":{"rendered":"<h2><img data-recalc-dims=\"1\" loading=\"lazy\" decoding=\"async\" data-attachment-id=\"2736\" data-permalink=\"https:\/\/hc-tuebingen.de\/?attachment_id=2736#main\" data-orig-file=\"https:\/\/i0.wp.com\/hc-tuebingen.de\/wp-content\/uploads\/2026\/03\/hct-feld-jugend-1.jpg?fit=1920%2C1080&amp;ssl=1\" data-orig-size=\"1920,1080\" data-comments-opened=\"0\" data-image-meta=\"{&quot;aperture&quot;:&quot;0&quot;,&quot;credit&quot;:&quot;&quot;,&quot;camera&quot;:&quot;&quot;,&quot;caption&quot;:&quot;&quot;,&quot;created_timestamp&quot;:&quot;0&quot;,&quot;copyright&quot;:&quot;&quot;,&quot;focal_length&quot;:&quot;0&quot;,&quot;iso&quot;:&quot;0&quot;,&quot;shutter_speed&quot;:&quot;0&quot;,&quot;title&quot;:&quot;&quot;,&quot;orientation&quot;:&quot;0&quot;}\" data-image-title=\"hct-feld-jugend-1\" data-image-description=\"&lt;p&gt;Jugend am Platz&lt;\/p&gt;\n\" data-image-caption=\"\" data-large-file=\"https:\/\/i0.wp.com\/hc-tuebingen.de\/wp-content\/uploads\/2026\/03\/hct-feld-jugend-1.jpg?fit=620%2C349&amp;ssl=1\" class=\"alignnone wp-image-2736 size-large\" src=\"https:\/\/i0.wp.com\/hc-tuebingen.de\/wp-content\/uploads\/2026\/03\/hct-feld-jugend-1.jpg?resize=620%2C349&#038;ssl=1\" alt=\"Jugend am Platz\" width=\"620\" height=\"349\" srcset=\"https:\/\/i0.wp.com\/hc-tuebingen.de\/wp-content\/uploads\/2026\/03\/hct-feld-jugend-1.jpg?resize=1024%2C576&amp;ssl=1 1024w, https:\/\/i0.wp.com\/hc-tuebingen.de\/wp-content\/uploads\/2026\/03\/hct-feld-jugend-1.jpg?resize=300%2C169&amp;ssl=1 300w, https:\/\/i0.wp.com\/hc-tuebingen.de\/wp-content\/uploads\/2026\/03\/hct-feld-jugend-1.jpg?resize=768%2C432&amp;ssl=1 768w, https:\/\/i0.wp.com\/hc-tuebingen.de\/wp-content\/uploads\/2026\/03\/hct-feld-jugend-1.jpg?resize=1536%2C864&amp;ssl=1 1536w, https:\/\/i0.wp.com\/hc-tuebingen.de\/wp-content\/uploads\/2026\/03\/hct-feld-jugend-1.jpg?resize=676%2C380&amp;ssl=1 676w, https:\/\/i0.wp.com\/hc-tuebingen.de\/wp-content\/uploads\/2026\/03\/hct-feld-jugend-1.jpg?w=1920&amp;ssl=1 1920w, https:\/\/i0.wp.com\/hc-tuebingen.de\/wp-content\/uploads\/2026\/03\/hct-feld-jugend-1.jpg?w=1240&amp;ssl=1 1240w, https:\/\/i0.wp.com\/hc-tuebingen.de\/wp-content\/uploads\/2026\/03\/hct-feld-jugend-1.jpg?w=1860&amp;ssl=1 1860w\" sizes=\"auto, (max-width: 620px) 100vw, 620px\" \/><\/h2>\n<h2><span style=\"font-size: medium;\">Ziele unserer Jugendarbeit<\/span><\/h2>\n<p>Gerade im Kinder- und Jugendhockey ist es ein wichtiges Element, die Freude und den Spa\u00df am gemeinsamen Spiel zu vermitteln. Hockey als Mannschaftssport gilt auch f\u00fcr die &#8222;Mannschaft&#8220; der Vereinsmitglieder: Die Freude am gemeinsamen Miteinander ist das oberste Ziel.<\/p>\n<h4>Kontakte<\/h4>\n<p>Ihr Kind m\u00f6chte Hockey mal ausprobieren? Kein Problem!<br \/>\nBei Fragen jeglicher Art freuen sich unsere Jugendleiter sehr auf Ihre Kontaktaufnahme (<a href=\"mailto:jugendleiter@hc-tuebingen.de\">jugendleiter@hc-tuebingen.de<\/a>).<\/p>\n<h4>Die KinderCard<img data-recalc-dims=\"1\" loading=\"lazy\" decoding=\"async\" data-attachment-id=\"387\" data-permalink=\"https:\/\/hc-tuebingen.de\/?attachment_id=387#main\" data-orig-file=\"https:\/\/i0.wp.com\/hc-tuebingen.de\/wp-content\/uploads\/2017\/12\/kindercard.jpg?fit=451%2C481&amp;ssl=1\" data-orig-size=\"451,481\" data-comments-opened=\"0\" data-image-meta=\"{&quot;aperture&quot;:&quot;0&quot;,&quot;credit&quot;:&quot;&quot;,&quot;camera&quot;:&quot;&quot;,&quot;caption&quot;:&quot;&quot;,&quot;created_timestamp&quot;:&quot;0&quot;,&quot;copyright&quot;:&quot;&quot;,&quot;focal_length&quot;:&quot;0&quot;,&quot;iso&quot;:&quot;0&quot;,&quot;shutter_speed&quot;:&quot;0&quot;,&quot;title&quot;:&quot;&quot;,&quot;orientation&quot;:&quot;0&quot;}\" data-image-title=\"kindercard\" data-image-description=\"\" data-image-caption=\"\" data-large-file=\"https:\/\/i0.wp.com\/hc-tuebingen.de\/wp-content\/uploads\/2017\/12\/kindercard.jpg?fit=451%2C481&amp;ssl=1\" class=\"alignright wp-image-387\" src=\"https:\/\/i0.wp.com\/hc-tuebingen.de\/wp-content\/uploads\/2017\/12\/kindercard.jpg?resize=250%2C267&#038;ssl=1\" alt=\"\" width=\"250\" height=\"267\" srcset=\"https:\/\/i0.wp.com\/hc-tuebingen.de\/wp-content\/uploads\/2017\/12\/kindercard.jpg?resize=281%2C300&amp;ssl=1 281w, https:\/\/i0.wp.com\/hc-tuebingen.de\/wp-content\/uploads\/2017\/12\/kindercard.jpg?resize=356%2C380&amp;ssl=1 356w, https:\/\/i0.wp.com\/hc-tuebingen.de\/wp-content\/uploads\/2017\/12\/kindercard.jpg?w=451&amp;ssl=1 451w\" sizes=\"auto, (max-width: 250px) 100vw, 250px\" \/><\/h4>\n<p>Der HC T\u00fcbingen ist stolzer Partner des KinderCard-Programmes der Stadt T\u00fcbingen. Auf diese Weise kann allen hockeybegeisterten Kindern und Jugendlichen kostenlos das Angebot des HC T\u00fcbingen zugutekommen.<\/p>\n<p>Mehr Informationen zur KinderCard finden Sie <a href=\"http:\/\/www.tuebingen.de\/verwaltung\/verfahren#kindercard\" data-cke-saved-href=\"http:\/\/www.tuebingen.de\/verwaltung\/verfahren#kindercard\">hier<\/a> auf der Homepage der Stadt T\u00fcbingen.<\/p>\n<p>Bei Fragen zur Anmeldung im Verein mit der KinderCard melden Sie sich bitte einfach kurz bei unseren Jugendleitern.<\/p>\n<h4>Der Sportvereinsgutschein<img data-recalc-dims=\"1\" loading=\"lazy\" decoding=\"async\" data-attachment-id=\"2513\" data-permalink=\"https:\/\/hc-tuebingen.de\/?attachment_id=2513#main\" data-orig-file=\"https:\/\/i0.wp.com\/hc-tuebingen.de\/wp-content\/uploads\/2025\/07\/Tuebinger-SV-Gutshein.jpg?fit=1200%2C1500&amp;ssl=1\" data-orig-size=\"1200,1500\" data-comments-opened=\"0\" data-image-meta=\"{&quot;aperture&quot;:&quot;0&quot;,&quot;credit&quot;:&quot;&quot;,&quot;camera&quot;:&quot;&quot;,&quot;caption&quot;:&quot;&quot;,&quot;created_timestamp&quot;:&quot;0&quot;,&quot;copyright&quot;:&quot;&quot;,&quot;focal_length&quot;:&quot;0&quot;,&quot;iso&quot;:&quot;0&quot;,&quot;shutter_speed&quot;:&quot;0&quot;,&quot;title&quot;:&quot;&quot;,&quot;orientation&quot;:&quot;1&quot;}\" data-image-title=\"Tuebinger-SV-Gutshein\" data-image-description=\"\" data-image-caption=\"\" data-large-file=\"https:\/\/i0.wp.com\/hc-tuebingen.de\/wp-content\/uploads\/2025\/07\/Tuebinger-SV-Gutshein.jpg?fit=620%2C775&amp;ssl=1\" class=\"wp-image-2513 size-medium alignright\" src=\"https:\/\/i0.wp.com\/hc-tuebingen.de\/wp-content\/uploads\/2025\/07\/Tuebinger-SV-Gutshein.jpg?resize=240%2C300&#038;ssl=1\" alt=\"T\u00fcbinger Sportvereinsgutschein 2025\" width=\"240\" height=\"300\" srcset=\"https:\/\/i0.wp.com\/hc-tuebingen.de\/wp-content\/uploads\/2025\/07\/Tuebinger-SV-Gutshein.jpg?resize=240%2C300&amp;ssl=1 240w, https:\/\/i0.wp.com\/hc-tuebingen.de\/wp-content\/uploads\/2025\/07\/Tuebinger-SV-Gutshein.jpg?resize=819%2C1024&amp;ssl=1 819w, https:\/\/i0.wp.com\/hc-tuebingen.de\/wp-content\/uploads\/2025\/07\/Tuebinger-SV-Gutshein.jpg?resize=768%2C960&amp;ssl=1 768w, https:\/\/i0.wp.com\/hc-tuebingen.de\/wp-content\/uploads\/2025\/07\/Tuebinger-SV-Gutshein.jpg?resize=304%2C380&amp;ssl=1 304w, https:\/\/i0.wp.com\/hc-tuebingen.de\/wp-content\/uploads\/2025\/07\/Tuebinger-SV-Gutshein.jpg?w=1200&amp;ssl=1 1200w\" sizes=\"auto, (max-width: 240px) 100vw, 240px\" \/><\/h4>\n<p class=\"p1\"><span class=\"s1\">Jedes Kind aus T\u00fcbingen, das in einen Kindergarten in T\u00fcbingen geht, bekommt zum 4. Geburtstag von der Stadt T\u00fcbingen \u00fcber die Kindertageseinrichtung einen Sportvereinsgutschein. Er gilt f\u00fcr Kinder von 4-5 Jahren.<\/span><\/p>\n<p class=\"p1\"><span class=\"s1\">Wer ein Kind hat, das nicht in einer Kindertageseinrichtung betreut wird, kann den Gutschein bei der Fachabteilung Schule und Sport abholen oder sich auf Anfrage an <a class=\"email\" href=\"mailto:sportfoerderung@tuebingen.de\">sportfoerderung@tuebingen.de<\/a>\u00a0zusenden lassen.<br \/>\n<\/span><\/p>\n<p class=\"p1\"><span class=\"s1\">\u00a0Diesen Gutschein im Wert von 50 EUR kann f\u00fcr Ihr\u00a0 Kind bei uns eingel\u00f6st werden und wird mit unserem Vereinsbeitrag verrechnet.<\/span><\/p>\n","protected":false},"excerpt":{"rendered":"<p>Ziele unserer Jugendarbeit Gerade im Kinder- und Jugendhockey ist es ein wichtiges Element, die Freude und den Spa\u00df am gemeinsamen Spiel zu vermitteln. Hockey als Mannschaftssport gilt auch f\u00fcr die &#8222;Mannschaft&#8220; der Vereinsmitglieder: Die Freude am gemeinsamen Miteinander ist das oberste Ziel. Kontakte Ihr Kind m\u00f6chte Hockey mal ausprobieren? Kein Problem! Bei Fragen jeglicher Art &hellip; <a href=\"https:\/\/hc-tuebingen.de\/?page_id=29\" class=\"more-link\">Weiterlesen <span class=\"screen-reader-text\">Unsere Jugend<\/span><\/a><\/p>\n","protected":false},"author":1,"featured_media":0,"parent":0,"menu_order":3,"comment_status":"closed","ping_status":"closed","template":"","meta":{"footnotes":""},"class_list":["post-29","page","type-page","status-publish","hentry","without-featured-image"],"jetpack_sharing_enabled":true,"jetpack_shortlink":"https:\/\/wp.me\/P9nm0i-t","jetpack_likes_enabled":true,"_links":{"self":[{"href":"https:\/\/hc-tuebingen.de\/index.php?rest_route=\/wp\/v2\/pages\/29","targetHints":{"allow":["GET"]}}],"collection":[{"href":"https:\/\/hc-tuebingen.de\/index.php?rest_route=\/wp\/v2\/pages"}],"about":[{"href":"https:\/\/hc-tuebingen.de\/index.php?rest_route=\/wp\/v2\/types\/page"}],"author":[{"embeddable":true,"href":"https:\/\/hc-tuebingen.de\/index.php?rest_route=\/wp\/v2\/users\/1"}],"replies":[{"embeddable":true,"href":"https:\/\/hc-tuebingen.de\/index.php?rest_route=%2Fwp%2Fv2%2Fcomments&post=29"}],"version-history":[{"count":15,"href":"https:\/\/hc-tuebingen.de\/index.php?rest_route=\/wp\/v2\/pages\/29\/revisions"}],"predecessor-version":[{"id":2737,"href":"https:\/\/hc-tuebingen.de\/index.php?rest_route=\/wp\/v2\/pages\/29\/revisions\/2737"}],"wp:attachment":[{"href":"https:\/\/hc-tuebingen.de\/index.php?rest_route=%2Fwp%2Fv2%2Fmedia&parent=29"}],"curies":[{"name":"wp","href":"https:\/\/api.w.org\/{rel}","templated":true}]}}