{"id":212,"date":"2017-12-02T20:34:25","date_gmt":"2017-12-02T20:34:25","guid":{"rendered":"http:\/\/hc-tuebingen.de\/?page_id=212"},"modified":"2026-03-24T19:56:05","modified_gmt":"2026-03-24T18:56:05","slug":"equipment","status":"publish","type":"page","link":"https:\/\/hc-tuebingen.de\/?page_id=212","title":{"rendered":"Shop"},"content":{"rendered":"<p>Wir freuen uns, dass du den Weg auf diese Seite gefunden hast und dir Textilien des HC T\u00fcbingen bestellen m\u00f6chtest.<\/p>\n<hr \/>\n<hr \/>\n<h4>Trikots, Shirts, Hoodies und mehr \u2026<\/h4>\n<p>Unser Partner<em> ourhockey <\/em>r\u00fcstet uns mit Textilien der Marken <em>Reece<\/em> und <em>Stanno<\/em> aus und hat dar\u00fcber hinaus noch alles im Sortiment, was das Hockeyherz h\u00f6her schlagen l\u00e4sst.<\/p>\n<p><img data-recalc-dims=\"1\" loading=\"lazy\" decoding=\"async\" data-attachment-id=\"1972\" data-permalink=\"https:\/\/hc-tuebingen.de\/?attachment_id=1972#main\" data-orig-file=\"https:\/\/i0.wp.com\/hc-tuebingen.de\/wp-content\/uploads\/2023\/10\/OurHockey-Logo-1.png?fit=139%2C59&amp;ssl=1\" data-orig-size=\"139,59\" data-comments-opened=\"0\" data-image-meta=\"{&quot;aperture&quot;:&quot;0&quot;,&quot;credit&quot;:&quot;&quot;,&quot;camera&quot;:&quot;&quot;,&quot;caption&quot;:&quot;&quot;,&quot;created_timestamp&quot;:&quot;0&quot;,&quot;copyright&quot;:&quot;&quot;,&quot;focal_length&quot;:&quot;0&quot;,&quot;iso&quot;:&quot;0&quot;,&quot;shutter_speed&quot;:&quot;0&quot;,&quot;title&quot;:&quot;&quot;,&quot;orientation&quot;:&quot;0&quot;}\" data-image-title=\"OurHockey-Logo\" data-image-description=\"\" data-image-caption=\"\" data-large-file=\"https:\/\/i0.wp.com\/hc-tuebingen.de\/wp-content\/uploads\/2023\/10\/OurHockey-Logo-1.png?fit=139%2C59&amp;ssl=1\" class=\"size-full wp-image-1972 alignnone\" src=\"https:\/\/i0.wp.com\/hc-tuebingen.de\/wp-content\/uploads\/2023\/10\/OurHockey-Logo-1.png?resize=139%2C59&#038;ssl=1\" alt=\"\" width=\"139\" height=\"59\" \/><\/p>\n<p>\u2192 <a href=\"https:\/\/ourhockey.at\/collections\/hc-tubingen\"><strong>Vereinsshop des HC T\u00fcbingen<\/strong><\/a><span style=\"color: #800000;\"><strong><br \/>\n<\/strong><\/span><\/p>\n<hr \/>\n<hr \/>\n<h4>ourhockey vor Ort<\/h4>\n<p>Regelm\u00e4\u00dfig wird es Termine geben, an denen Ihr die Produkte an- und ausprobieren k\u00f6nnt. Die n\u00e4chsten Termine sind:<\/p>\n<p><strong>\u2192\u00a0 <em>Termine sind in Planung<\/em><\/strong><\/p>\n<hr \/>\n<hr \/>\n<h4>Dose, tuch und Caps<\/h4>\n<p>Ein paar Sachen haben wir noch auf Lager.<br \/>\nSchreibt\u00a0 einfach Lars &#8217;ne Mail und er schickt euch Infos zur \u00dcberweisung und nat\u00fcrlich die gew\u00fcnschten Artikel.<\/p>\n<p>\u2192\u00a0 <strong><a href=\"mailto:elternbeisitzer@hc-tuebingen.de\">elternbeisitzer@hc-tuebingen.de<\/a><\/strong><\/p>\n<hr \/>\n<p><strong>BASEBALL-CAP ROT\u00a0<\/strong> \/\/\u00a0\u00a0<strong>15 EUR<br \/>\n<\/strong>EInheitsgr\u00f6\u00dfe, Kunststoffverschluss<\/p>\n<p><img data-recalc-dims=\"1\" loading=\"lazy\" decoding=\"async\" data-attachment-id=\"928\" data-permalink=\"https:\/\/hc-tuebingen.de\/?attachment_id=928#main\" data-orig-file=\"https:\/\/i0.wp.com\/hc-tuebingen.de\/wp-content\/uploads\/2019\/05\/19-05_Cap-rot.jpg?fit=800%2C317&amp;ssl=1\" data-orig-size=\"800,317\" data-comments-opened=\"0\" data-image-meta=\"{&quot;aperture&quot;:&quot;0&quot;,&quot;credit&quot;:&quot;Hockey Club T\\u00fcbingen \/\/ Bodo K&quot;,&quot;camera&quot;:&quot;&quot;,&quot;caption&quot;:&quot;&quot;,&quot;created_timestamp&quot;:&quot;0&quot;,&quot;copyright&quot;:&quot;&quot;,&quot;focal_length&quot;:&quot;0&quot;,&quot;iso&quot;:&quot;0&quot;,&quot;shutter_speed&quot;:&quot;0&quot;,&quot;title&quot;:&quot;Trikots 2017&quot;,&quot;orientation&quot;:&quot;1&quot;}\" data-image-title=\"Trikots 2017\" data-image-description=\"\" data-image-caption=\"\" data-large-file=\"https:\/\/i0.wp.com\/hc-tuebingen.de\/wp-content\/uploads\/2019\/05\/19-05_Cap-rot.jpg?fit=620%2C246&amp;ssl=1\" class=\"wp-image-928 alignnone\" src=\"https:\/\/i0.wp.com\/hc-tuebingen.de\/wp-content\/uploads\/2019\/05\/19-05_Cap-rot.jpg?resize=505%2C200&#038;ssl=1\" alt=\"\" width=\"505\" height=\"200\" srcset=\"https:\/\/i0.wp.com\/hc-tuebingen.de\/wp-content\/uploads\/2019\/05\/19-05_Cap-rot.jpg?w=800&amp;ssl=1 800w, https:\/\/i0.wp.com\/hc-tuebingen.de\/wp-content\/uploads\/2019\/05\/19-05_Cap-rot.jpg?resize=300%2C119&amp;ssl=1 300w, https:\/\/i0.wp.com\/hc-tuebingen.de\/wp-content\/uploads\/2019\/05\/19-05_Cap-rot.jpg?resize=768%2C304&amp;ssl=1 768w\" sizes=\"auto, (max-width: 505px) 100vw, 505px\" \/><\/p>\n<hr \/>\n<p><strong>BASEBALL-CAP SCHWARZ\u00a0<\/strong> \/\/\u00a0\u00a0<strong>18 EUR<br \/>\n<\/strong>EInheitsgr\u00f6\u00dfe, Metallschnellverschluss<\/p>\n<p><img data-recalc-dims=\"1\" loading=\"lazy\" decoding=\"async\" data-attachment-id=\"961\" data-permalink=\"https:\/\/hc-tuebingen.de\/?attachment_id=961#main\" data-orig-file=\"https:\/\/i0.wp.com\/hc-tuebingen.de\/wp-content\/uploads\/2019\/05\/19-05_Cap-schwarz.png?fit=800%2C317&amp;ssl=1\" data-orig-size=\"800,317\" data-comments-opened=\"0\" data-image-meta=\"{&quot;aperture&quot;:&quot;0&quot;,&quot;credit&quot;:&quot;&quot;,&quot;camera&quot;:&quot;&quot;,&quot;caption&quot;:&quot;&quot;,&quot;created_timestamp&quot;:&quot;0&quot;,&quot;copyright&quot;:&quot;&quot;,&quot;focal_length&quot;:&quot;0&quot;,&quot;iso&quot;:&quot;0&quot;,&quot;shutter_speed&quot;:&quot;0&quot;,&quot;title&quot;:&quot;&quot;,&quot;orientation&quot;:&quot;0&quot;}\" data-image-title=\"19-05_Cap-schwarz\" data-image-description=\"\" data-image-caption=\"\" data-large-file=\"https:\/\/i0.wp.com\/hc-tuebingen.de\/wp-content\/uploads\/2019\/05\/19-05_Cap-schwarz.png?fit=620%2C246&amp;ssl=1\" class=\"alignnone wp-image-961\" src=\"https:\/\/i0.wp.com\/hc-tuebingen.de\/wp-content\/uploads\/2019\/05\/19-05_Cap-schwarz.png?resize=505%2C200&#038;ssl=1\" alt=\"\" width=\"505\" height=\"200\" srcset=\"https:\/\/i0.wp.com\/hc-tuebingen.de\/wp-content\/uploads\/2019\/05\/19-05_Cap-schwarz.png?w=800&amp;ssl=1 800w, https:\/\/i0.wp.com\/hc-tuebingen.de\/wp-content\/uploads\/2019\/05\/19-05_Cap-schwarz.png?resize=300%2C119&amp;ssl=1 300w, https:\/\/i0.wp.com\/hc-tuebingen.de\/wp-content\/uploads\/2019\/05\/19-05_Cap-schwarz.png?resize=768%2C304&amp;ssl=1 768w\" sizes=\"auto, (max-width: 505px) 100vw, 505px\" \/><\/p>\n<hr \/>\n<p>&nbsp;<\/p>\n<p>&nbsp;<\/p>\n","protected":false},"excerpt":{"rendered":"<p>Wir freuen uns, dass du den Weg auf diese Seite gefunden hast und dir Textilien des HC T\u00fcbingen bestellen m\u00f6chtest. Trikots, Shirts, Hoodies und mehr \u2026 Unser Partner ourhockey r\u00fcstet uns mit Textilien der Marken Reece und Stanno aus und hat dar\u00fcber hinaus noch alles im Sortiment, was das Hockeyherz h\u00f6her schlagen l\u00e4sst. \u2192 Vereinsshop &hellip; <a href=\"https:\/\/hc-tuebingen.de\/?page_id=212\" class=\"more-link\">Weiterlesen <span class=\"screen-reader-text\">Shop<\/span><\/a><\/p>\n","protected":false},"author":1,"featured_media":0,"parent":0,"menu_order":2,"comment_status":"closed","ping_status":"closed","template":"","meta":{"footnotes":""},"class_list":["post-212","page","type-page","status-publish","hentry","without-featured-image"],"jetpack_sharing_enabled":true,"jetpack_shortlink":"https:\/\/wp.me\/P9nm0i-3q","jetpack_likes_enabled":true,"_links":{"self":[{"href":"https:\/\/hc-tuebingen.de\/index.php?rest_route=\/wp\/v2\/pages\/212","targetHints":{"allow":["GET"]}}],"collection":[{"href":"https:\/\/hc-tuebingen.de\/index.php?rest_route=\/wp\/v2\/pages"}],"about":[{"href":"https:\/\/hc-tuebingen.de\/index.php?rest_route=\/wp\/v2\/types\/page"}],"author":[{"embeddable":true,"href":"https:\/\/hc-tuebingen.de\/index.php?rest_route=\/wp\/v2\/users\/1"}],"replies":[{"embeddable":true,"href":"https:\/\/hc-tuebingen.de\/index.php?rest_route=%2Fwp%2Fv2%2Fcomments&post=212"}],"version-history":[{"count":37,"href":"https:\/\/hc-tuebingen.de\/index.php?rest_route=\/wp\/v2\/pages\/212\/revisions"}],"predecessor-version":[{"id":2738,"href":"https:\/\/hc-tuebingen.de\/index.php?rest_route=\/wp\/v2\/pages\/212\/revisions\/2738"}],"wp:attachment":[{"href":"https:\/\/hc-tuebingen.de\/index.php?rest_route=%2Fwp%2Fv2%2Fmedia&parent=212"}],"curies":[{"name":"wp","href":"https:\/\/api.w.org\/{rel}","templated":true}]}}