{"id":200,"date":"2017-12-02T20:31:40","date_gmt":"2017-12-02T19:31:40","guid":{"rendered":"http:\/\/hc-tuebingen.de\/?page_id=200"},"modified":"2026-03-06T23:22:52","modified_gmt":"2026-03-06T22:22:52","slug":"aktive-2","status":"publish","type":"page","link":"https:\/\/hc-tuebingen.de\/?page_id=200","title":{"rendered":"Aktive"},"content":{"rendered":"<h1>Damen<\/h1>\n<p><strong>TRAININGSZEITEN <\/strong>(09.03. &#8211; 15.04.2026)<strong><br \/>\n<\/strong>Feldsaison 2025\/26<\/p>\n<p>Montags \/\/ Jahnallee<br \/>\n<strong>19:00<\/strong> Athletik \/ <strong>20<\/strong><strong>:00 \u2013 21:00<\/strong> Stocktraining<\/p>\n<p class=\"p1\">Mittwochs \/\/ Jahnallee<br \/>\n<strong>19:00<\/strong>\u00a0Athletik \/ <strong>19:00 \u2013 21:00<\/strong> Stocktraining<\/p>\n<p class=\"p1\">Freitags \/\/<br \/>\n<b>aktuell kein Training<\/b><\/p>\n<p class=\"p1\"><span class=\"s1\"><em><strong>Spielplan R\u00fcckrunde\u00a0<\/strong><\/em><br \/>\n<a href=\"https:\/\/hbw.hockey.de\/spielbetrieb\/feldsaison\/erwachsene\/oberliga-damen\">HBW Oberliga Damen F2526<\/a><\/span><\/p>\n<ul>\n<li><strong>25.04.2026\u00a0\/\/ 16:00 Uhr \/\/ HC T\u00fcbingen &#8211; SSV Ulm (Kunstrasenfeld Jahanallee)<\/strong><\/li>\n<li>03.05.2026 \/\/ 11:45 Uhr \/\/ Mannheimer HC2\u00a0&#8211; HC T\u00fcbingen (Mannheimer HC Sportanlage)<\/li>\n<li>10.05.2026 \/\/ 10:00 Uhr \/\/ HC Ludwigsburg2 &#8211; HC T\u00fcbingen (HC Ludwigsburg Sportanlage)<\/li>\n<li>17.05.2026 \/\/ 15:00 Uhr \/\/ Bietigheimer HTC &#8211; HC T\u00fcbingen (Bietigheimer HTC Sportanlage)<\/li>\n<li><strong>13.06.2026\u00a0\/\/ 11:00 Uhr \/\/ HC T\u00fcbingen &#8211; TSV Mannheim2 (Kunstrasenfeld Jahanallee)<\/strong><\/li>\n<li>14.06.2026 \/\/ 16:00 Uhr \/\/ FT 1844 Freiburg &#8211; HC T\u00fcbingen (FT-Sportpark)<\/li>\n<li><strong>21.06.2026\u00a0\/\/ 11:00 Uhr \/\/ HC T\u00fcbingen &#8211; HC Heidelberg (Kunstrasenfeld Jahanallee)<\/strong><\/li>\n<li>27.06.2026 \/\/ 11:00 Uhr \/\/ SSV Ulm &#8211; HC T\u00fcbingen (Hockeyplatz SSV)<\/li>\n<li><strong>04.07.2026 \/\/ 16:00 Uhr \/\/ HC T\u00fcbingen &#8211; Mannheimer HC2 (Kunstrasenfeld Jahanallee<\/strong><\/li>\n<\/ul>\n<p class=\"p1\">\n<hr \/>\n<h1>Herren<\/h1>\n<p><strong>TRAININGSZEITEN <\/strong>(09.03. &#8211; 15.04.2026)<strong><br \/>\n<\/strong>Feldsaison 2025\/26<\/p>\n<p>Montags \/\/ Jahnallee<br \/>\n<strong>19:00<\/strong> Athletik \/ <strong>20<\/strong><strong>:00 \u2013 21:00<\/strong> Stocktraining<\/p>\n<p class=\"p1\">Mittwochs \/\/ Jahnallee<br \/>\n<strong>19:00<\/strong>\u00a0Athletik \/ <strong>19:00 \u2013 21:00<\/strong> Stocktraining<\/p>\n<p class=\"p1\">Freitags \/\/<br \/>\n<b>aktuell kein Training<\/b><\/p>\n<p class=\"p1\"><em><strong><span class=\"s1\">Spielplan R\u00fcckrunde<br \/>\n<\/span><\/strong><a href=\"https:\/\/hbw.hockey.de\/spielbetrieb\/feldsaison\/erwachsene\/2-verbandsliga-herren\">HBW 2. Verbandsliga Herren F2526<\/a><\/em><\/p>\n<ul>\n<li>26.04.2026 \/\/ 15:00 Uhr \/\/ SG B\u00f6blingen\/Reutlingen\u00a0&#8211; HC T\u00fcbingen (Otto-Hahn-Gymnasium)<\/li>\n<li>09.05.2026 \/\/ 16:00 Uhr \/\/ HC Heidelberg2 &#8211; HC T\u00fcbingen (Clubanlage HC Heidelberg)<\/li>\n<li><strong>17.05.2026 \/\/ 11:00 Uhr \/\/ HC T\u00fcbingen &#8211; SG Schwenningen\/Villingen (Kunstrasenfeld Jahanallee)<\/strong><\/li>\n<li>14.06.2026 \/\/ 11:00 Uhr \/\/ Bietigheimer HTC &#8211; HC T\u00fcbingen (Bietigheimer HTC Sportanlage)<\/li>\n<li>21.06.2026 \/\/ 15:00 Uhr \/\/ Normannia Gm\u00fcnd &#8211; HC T\u00fcbingen (Sportanlage Normannia Gm\u00fcnd)<\/li>\n<li><strong>27.06.2026\u00a0\/\/ 18:00 Uhr \/\/ HC T\u00fcbingen &#8211; SG B\u00f6blingen\/Reutlingen (Kunstrasenfeld Jahanallee)<\/strong><\/li>\n<\/ul>\n<p class=\"p1\">\n<hr \/>\n<div>\n<p>&nbsp;<\/p>\n<div><strong>\u00a0<\/strong><\/div>\n<\/div>\n","protected":false},"excerpt":{"rendered":"<p>Damen TRAININGSZEITEN (09.03. &#8211; 15.04.2026) Feldsaison 2025\/26 Montags \/\/ Jahnallee 19:00 Athletik \/ 20:00 \u2013 21:00 Stocktraining Mittwochs \/\/ Jahnallee 19:00\u00a0Athletik \/ 19:00 \u2013 21:00 Stocktraining Freitags \/\/ aktuell kein Training Spielplan R\u00fcckrunde\u00a0 HBW Oberliga Damen F2526 25.04.2026\u00a0\/\/ 16:00 Uhr \/\/ HC T\u00fcbingen &#8211; SSV Ulm (Kunstrasenfeld Jahanallee) 03.05.2026 \/\/ 11:45 Uhr \/\/ Mannheimer HC2\u00a0&#8211; &hellip; <a href=\"https:\/\/hc-tuebingen.de\/?page_id=200\" class=\"more-link\">Weiterlesen <span class=\"screen-reader-text\">Aktive<\/span><\/a><\/p>\n","protected":false},"author":1,"featured_media":0,"parent":0,"menu_order":3,"comment_status":"closed","ping_status":"closed","template":"","meta":{"footnotes":""},"class_list":["post-200","page","type-page","status-publish","hentry","without-featured-image"],"jetpack_sharing_enabled":true,"jetpack_shortlink":"https:\/\/wp.me\/P9nm0i-3e","jetpack_likes_enabled":true,"_links":{"self":[{"href":"https:\/\/hc-tuebingen.de\/index.php?rest_route=\/wp\/v2\/pages\/200","targetHints":{"allow":["GET"]}}],"collection":[{"href":"https:\/\/hc-tuebingen.de\/index.php?rest_route=\/wp\/v2\/pages"}],"about":[{"href":"https:\/\/hc-tuebingen.de\/index.php?rest_route=\/wp\/v2\/types\/page"}],"author":[{"embeddable":true,"href":"https:\/\/hc-tuebingen.de\/index.php?rest_route=\/wp\/v2\/users\/1"}],"replies":[{"embeddable":true,"href":"https:\/\/hc-tuebingen.de\/index.php?rest_route=%2Fwp%2Fv2%2Fcomments&post=200"}],"version-history":[{"count":40,"href":"https:\/\/hc-tuebingen.de\/index.php?rest_route=\/wp\/v2\/pages\/200\/revisions"}],"predecessor-version":[{"id":2730,"href":"https:\/\/hc-tuebingen.de\/index.php?rest_route=\/wp\/v2\/pages\/200\/revisions\/2730"}],"wp:attachment":[{"href":"https:\/\/hc-tuebingen.de\/index.php?rest_route=%2Fwp%2Fv2%2Fmedia&parent=200"}],"curies":[{"name":"wp","href":"https:\/\/api.w.org\/{rel}","templated":true}]}}