{"id":193,"date":"2017-12-02T20:28:19","date_gmt":"2017-12-02T20:28:19","guid":{"rendered":"http:\/\/hc-tuebingen.de\/?page_id=193"},"modified":"2024-11-05T11:51:15","modified_gmt":"2024-11-05T10:51:15","slug":"mannschaften","status":"publish","type":"page","link":"https:\/\/hc-tuebingen.de\/?page_id=193","title":{"rendered":"Mannschaften Jugend"},"content":{"rendered":"<p><strong>Minis\/mixed unter 8<br \/>\nM\u00e4nnliche Jugend unter 10<br \/>\nWeibliche Jugend unter 12<br \/>\n<\/strong>Trainer: Alex, Anne &amp; L\u00e9onie<\/p>\n<p><strong>M\u00e4nnliche Jugend unter 12<br \/>\nM\u00e4nnliche Jugend unter 14<br \/>\nM\u00e4nnliche Jugend unter 16<br \/>\n<\/strong>Trainer: Anne, Julian &amp; L\u00e9onie<\/p>\n<p><strong>Weibliche Jugend unter 14<br \/>\n<\/strong><strong>Weibliche Jugend unter 16<br \/>\n<\/strong>Trainer: Alex, Elias &amp; Smilla<\/p>\n","protected":false},"excerpt":{"rendered":"<p>Minis\/mixed unter 8 M\u00e4nnliche Jugend unter 10 Weibliche Jugend unter 12 Trainer: Alex, Anne &amp; L\u00e9onie M\u00e4nnliche Jugend unter 12 M\u00e4nnliche Jugend unter 14 M\u00e4nnliche Jugend unter 16 Trainer: Anne, Julian &amp; L\u00e9onie Weibliche Jugend unter 14 Weibliche Jugend unter 16 Trainer: Alex, Elias &amp; Smilla<\/p>\n","protected":false},"author":1,"featured_media":0,"parent":29,"menu_order":1,"comment_status":"closed","ping_status":"closed","template":"","meta":{"footnotes":""},"class_list":["post-193","page","type-page","status-publish","hentry","without-featured-image"],"jetpack_sharing_enabled":true,"jetpack_shortlink":"https:\/\/wp.me\/P9nm0i-37","jetpack_likes_enabled":true,"_links":{"self":[{"href":"https:\/\/hc-tuebingen.de\/index.php?rest_route=\/wp\/v2\/pages\/193","targetHints":{"allow":["GET"]}}],"collection":[{"href":"https:\/\/hc-tuebingen.de\/index.php?rest_route=\/wp\/v2\/pages"}],"about":[{"href":"https:\/\/hc-tuebingen.de\/index.php?rest_route=\/wp\/v2\/types\/page"}],"author":[{"embeddable":true,"href":"https:\/\/hc-tuebingen.de\/index.php?rest_route=\/wp\/v2\/users\/1"}],"replies":[{"embeddable":true,"href":"https:\/\/hc-tuebingen.de\/index.php?rest_route=%2Fwp%2Fv2%2Fcomments&post=193"}],"version-history":[{"count":16,"href":"https:\/\/hc-tuebingen.de\/index.php?rest_route=\/wp\/v2\/pages\/193\/revisions"}],"predecessor-version":[{"id":2150,"href":"https:\/\/hc-tuebingen.de\/index.php?rest_route=\/wp\/v2\/pages\/193\/revisions\/2150"}],"up":[{"embeddable":true,"href":"https:\/\/hc-tuebingen.de\/index.php?rest_route=\/wp\/v2\/pages\/29"}],"wp:attachment":[{"href":"https:\/\/hc-tuebingen.de\/index.php?rest_route=%2Fwp%2Fv2%2Fmedia&parent=193"}],"curies":[{"name":"wp","href":"https:\/\/api.w.org\/{rel}","templated":true}]}}