{"id":181,"date":"2017-12-02T19:31:59","date_gmt":"2017-12-02T19:31:59","guid":{"rendered":"http:\/\/hc-tuebingen.de\/?page_id=181"},"modified":"2025-05-14T13:58:37","modified_gmt":"2025-05-14T11:58:37","slug":"sponsoren-und-partner","status":"publish","type":"page","link":"https:\/\/hc-tuebingen.de\/?page_id=181","title":{"rendered":"Partner und Sponsoren"},"content":{"rendered":"<hr \/>\n<p><img data-recalc-dims=\"1\" loading=\"lazy\" decoding=\"async\" data-attachment-id=\"2024\" data-permalink=\"https:\/\/hc-tuebingen.de\/?attachment_id=2024#main\" data-orig-file=\"https:\/\/i0.wp.com\/hc-tuebingen.de\/wp-content\/uploads\/2024\/01\/logo_grs_web_fcc01d_web.jpg?fit=778%2C295&amp;ssl=1\" data-orig-size=\"778,295\" data-comments-opened=\"0\" data-image-meta=\"{&quot;aperture&quot;:&quot;0&quot;,&quot;credit&quot;:&quot;&quot;,&quot;camera&quot;:&quot;&quot;,&quot;caption&quot;:&quot;&quot;,&quot;created_timestamp&quot;:&quot;0&quot;,&quot;copyright&quot;:&quot;&quot;,&quot;focal_length&quot;:&quot;0&quot;,&quot;iso&quot;:&quot;0&quot;,&quot;shutter_speed&quot;:&quot;0&quot;,&quot;title&quot;:&quot;logo_grs_1c_109_U.indd&quot;,&quot;orientation&quot;:&quot;1&quot;}\" data-image-title=\"logo_grs_1c_109_U.indd\" data-image-description=\"\" data-image-caption=\"\" data-large-file=\"https:\/\/i0.wp.com\/hc-tuebingen.de\/wp-content\/uploads\/2024\/01\/logo_grs_web_fcc01d_web.jpg?fit=620%2C235&amp;ssl=1\" class=\"wp-image-2024 alignnone\" src=\"https:\/\/i0.wp.com\/hc-tuebingen.de\/wp-content\/uploads\/2024\/01\/logo_grs_web_fcc01d_web.jpg?resize=264%2C100&#038;ssl=1\" alt=\"\" width=\"264\" height=\"100\" srcset=\"https:\/\/i0.wp.com\/hc-tuebingen.de\/wp-content\/uploads\/2024\/01\/logo_grs_web_fcc01d_web.jpg?w=778&amp;ssl=1 778w, https:\/\/i0.wp.com\/hc-tuebingen.de\/wp-content\/uploads\/2024\/01\/logo_grs_web_fcc01d_web.jpg?resize=300%2C114&amp;ssl=1 300w, https:\/\/i0.wp.com\/hc-tuebingen.de\/wp-content\/uploads\/2024\/01\/logo_grs_web_fcc01d_web.jpg?resize=768%2C291&amp;ssl=1 768w\" sizes=\"auto, (max-width: 264px) 100vw, 264px\" \/><\/p>\n<p><strong>Gabert Rebstock Software GmbH<br \/>\n<\/strong>Innovative und moderne Branchenprodukte f\u00fcr Brauereien,<br \/>\nBrunnen, Safthersteller, Keltereien und Getr\u00e4nkefachh\u00e4ndler.<\/p>\n<p>Ziegelweg 1\/1<br \/>\n72764 Reutlingen<\/p>\n<p>Telefon: 07121 4348981<br \/>\nE-Mail: <a href=\"mailto:info@grs-systeme.de\">info@grs-systeme.de<\/a><a href=\"http:\/\/info@hockeyshop.de\/\"><br \/>\n<\/a>Website: <a href=\"http:\/\/www.grs-systeme.de\">www.grs-systeme.de<\/a><\/p>\n<hr \/>\n<p><img data-recalc-dims=\"1\" loading=\"lazy\" decoding=\"async\" data-attachment-id=\"2269\" data-permalink=\"https:\/\/hc-tuebingen.de\/?attachment_id=2269#main\" data-orig-file=\"https:\/\/i0.wp.com\/hc-tuebingen.de\/wp-content\/uploads\/2025\/04\/SWT-TUE.png?fit=740%2C354&amp;ssl=1\" data-orig-size=\"740,354\" data-comments-opened=\"0\" data-image-meta=\"{&quot;aperture&quot;:&quot;0&quot;,&quot;credit&quot;:&quot;&quot;,&quot;camera&quot;:&quot;&quot;,&quot;caption&quot;:&quot;&quot;,&quot;created_timestamp&quot;:&quot;0&quot;,&quot;copyright&quot;:&quot;&quot;,&quot;focal_length&quot;:&quot;0&quot;,&quot;iso&quot;:&quot;0&quot;,&quot;shutter_speed&quot;:&quot;0&quot;,&quot;title&quot;:&quot;&quot;,&quot;orientation&quot;:&quot;0&quot;}\" data-image-title=\"SWT-TUE\" data-image-description=\"\" data-image-caption=\"\" data-large-file=\"https:\/\/i0.wp.com\/hc-tuebingen.de\/wp-content\/uploads\/2025\/04\/SWT-TUE.png?fit=620%2C297&amp;ssl=1\" class=\"alignnone wp-image-2269\" src=\"https:\/\/i0.wp.com\/hc-tuebingen.de\/wp-content\/uploads\/2025\/04\/SWT-TUE.png?resize=230%2C110&#038;ssl=1\" alt=\"\" width=\"230\" height=\"110\" srcset=\"https:\/\/i0.wp.com\/hc-tuebingen.de\/wp-content\/uploads\/2025\/04\/SWT-TUE.png?resize=300%2C144&amp;ssl=1 300w, https:\/\/i0.wp.com\/hc-tuebingen.de\/wp-content\/uploads\/2025\/04\/SWT-TUE.png?w=740&amp;ssl=1 740w\" sizes=\"auto, (max-width: 230px) 100vw, 230px\" \/><\/p>\n<p><strong>swt Stadtwerke T\u00fcbingen<br \/>\nIhr regionaler Energieversorger in T\u00fcbingen<br \/>\n<\/strong><\/p>\n<p class=\"p1\">Die Stadtwerke T\u00fcbingen versorgen die Region nachhaltig mit Energie, Trinkwasser, \u00d6PNV, E-Mobilit\u00e4t, Telekommunikation, Parkh\u00e4usern, Schwimmb\u00e4dern und weiteren Services.<\/p>\n<p>Eisenhutstra\u00dfe 6<br \/>\n72072 T\u00fcbingen<\/p>\n<p>Telefon\/WhatsApp: 07071 157 300<br \/>\nE-Mail: <a href=\"mailto:kundenservice@swtue.de\">kundenservice@swtue.de<\/a><a href=\"http:\/\/info@hockeyshop.de\/\"><br \/>\n<\/a>Website: <a href=\"http:\/\/www.swtue.de\">www.swtue.de<\/a><\/p>\n<hr \/>\n<p><img data-recalc-dims=\"1\" loading=\"lazy\" decoding=\"async\" data-attachment-id=\"2306\" data-permalink=\"https:\/\/hc-tuebingen.de\/?attachment_id=2306#main\" data-orig-file=\"https:\/\/i0.wp.com\/hc-tuebingen.de\/wp-content\/uploads\/2025\/05\/debeka.webp?fit=984%2C350&amp;ssl=1\" data-orig-size=\"984,350\" data-comments-opened=\"0\" data-image-meta=\"{&quot;aperture&quot;:&quot;0&quot;,&quot;credit&quot;:&quot;&quot;,&quot;camera&quot;:&quot;&quot;,&quot;caption&quot;:&quot;&quot;,&quot;created_timestamp&quot;:&quot;0&quot;,&quot;copyright&quot;:&quot;&quot;,&quot;focal_length&quot;:&quot;0&quot;,&quot;iso&quot;:&quot;0&quot;,&quot;shutter_speed&quot;:&quot;0&quot;,&quot;title&quot;:&quot;&quot;,&quot;orientation&quot;:&quot;0&quot;}\" data-image-title=\"debeka\" data-image-description=\"\" data-image-caption=\"\" data-large-file=\"https:\/\/i0.wp.com\/hc-tuebingen.de\/wp-content\/uploads\/2025\/05\/debeka.webp?fit=620%2C221&amp;ssl=1\" class=\"alignnone wp-image-2306\" src=\"https:\/\/i0.wp.com\/hc-tuebingen.de\/wp-content\/uploads\/2025\/05\/debeka.webp?resize=225%2C80&#038;ssl=1\" alt=\"\" width=\"225\" height=\"80\" srcset=\"https:\/\/i0.wp.com\/hc-tuebingen.de\/wp-content\/uploads\/2025\/05\/debeka.webp?resize=300%2C107&amp;ssl=1 300w, https:\/\/i0.wp.com\/hc-tuebingen.de\/wp-content\/uploads\/2025\/05\/debeka.webp?resize=768%2C273&amp;ssl=1 768w, https:\/\/i0.wp.com\/hc-tuebingen.de\/wp-content\/uploads\/2025\/05\/debeka.webp?w=984&amp;ssl=1 984w\" sizes=\"auto, (max-width: 225px) 100vw, 225px\" \/><\/p>\n<p>Die Debeka ist eine der gr\u00f6\u00dften Versicherungsgruppen Deutschlands und arbeitet als Versicherungsverein auf Gegenseitigkeit, bei dem die Mitglieder im Mittelpunkt stehen. Sie zeichnet sich durch pers\u00f6nliche Beratung, faire Leistungen und eine starke Ausrichtung auf den \u00f6ffentlichen Dienst aus. Besonders hervorzuheben ist ihr solidarisches Prinzip.<\/p>\n<p>Ansprechpartner: Hans-J\u00fcrgen L\u00fcck<br \/>\nTelefon: 07071 5654610<br \/>\nE-Mail: <a href=\"mailto:hans-juergen.lueck@debeka.de\">hans-juergen.lueck@debeka.de<\/a><br \/>\nWebsite:\u00a0 <a href=\"http:\/\/www.debeka.de\/\">www.debeka.de<\/a><\/p>\n<hr \/>\n<p><img data-recalc-dims=\"1\" loading=\"lazy\" decoding=\"async\" data-attachment-id=\"2062\" data-permalink=\"https:\/\/hc-tuebingen.de\/?attachment_id=2062#main\" data-orig-file=\"https:\/\/i0.wp.com\/hc-tuebingen.de\/wp-content\/uploads\/2024\/04\/aldente_tuebingen.jpg?fit=362%2C55&amp;ssl=1\" data-orig-size=\"362,55\" data-comments-opened=\"0\" data-image-meta=\"{&quot;aperture&quot;:&quot;0&quot;,&quot;credit&quot;:&quot;&quot;,&quot;camera&quot;:&quot;&quot;,&quot;caption&quot;:&quot;&quot;,&quot;created_timestamp&quot;:&quot;0&quot;,&quot;copyright&quot;:&quot;&quot;,&quot;focal_length&quot;:&quot;0&quot;,&quot;iso&quot;:&quot;0&quot;,&quot;shutter_speed&quot;:&quot;0&quot;,&quot;title&quot;:&quot;&quot;,&quot;orientation&quot;:&quot;1&quot;}\" data-image-title=\"aldente_tuebingen\" data-image-description=\"\" data-image-caption=\"\" data-large-file=\"https:\/\/i0.wp.com\/hc-tuebingen.de\/wp-content\/uploads\/2024\/04\/aldente_tuebingen.jpg?fit=362%2C55&amp;ssl=1\" class=\"alignnone wp-image-2062 size-medium\" src=\"https:\/\/i0.wp.com\/hc-tuebingen.de\/wp-content\/uploads\/2024\/04\/aldente_tuebingen.jpg?resize=300%2C46&#038;ssl=1\" alt=\"\" width=\"300\" height=\"46\" srcset=\"https:\/\/i0.wp.com\/hc-tuebingen.de\/wp-content\/uploads\/2024\/04\/aldente_tuebingen.jpg?resize=300%2C46&amp;ssl=1 300w, https:\/\/i0.wp.com\/hc-tuebingen.de\/wp-content\/uploads\/2024\/04\/aldente_tuebingen.jpg?resize=360%2C55&amp;ssl=1 360w, https:\/\/i0.wp.com\/hc-tuebingen.de\/wp-content\/uploads\/2024\/04\/aldente_tuebingen.jpg?w=362&amp;ssl=1 362w\" sizes=\"auto, (max-width: 300px) 100vw, 300px\" \/><\/p>\n<p><strong>Al dente<br \/>\n<\/strong>Die gelungene Mischung aus Caf\u00e9, Spaghetteria und Ristorante im Herzen T\u00fcbingens.<br \/>\nDie feine Karte bietet k\u00f6stliche Klassiker und zeitgem\u00e4\u00dfe Interpretationen: Antipasti, Primi, Zuppe, Secondi, leckere Pizza und Pasta sowie verf\u00fchrerische Dolci. Eben echtes italienisches Flair und Lebensgef\u00fchl.<\/p>\n<p>Bursagasse<br \/>\n72070 T\u00fcbingen<\/p>\n<p>Telefon: 07071 25157<br \/>\nE-Mail: <a href=\"mailto:info@aldente-tuebingen.de\">info@aldente-tuebingen.de<\/a><a href=\"http:\/\/info@hockeyshop.de\/\"><br \/>\n<\/a>Website: <a href=\"http:\/\/www.aldente-tuebingen.de\">www.aldente-tuebingen.de<\/a><\/p>\n<hr \/>\n<p><img data-recalc-dims=\"1\" loading=\"lazy\" decoding=\"async\" data-attachment-id=\"2064\" data-permalink=\"https:\/\/hc-tuebingen.de\/?attachment_id=2064#main\" data-orig-file=\"https:\/\/i0.wp.com\/hc-tuebingen.de\/wp-content\/uploads\/2024\/04\/porto-pino-tuebingen.jpg?fit=420%2C55&amp;ssl=1\" data-orig-size=\"420,55\" data-comments-opened=\"0\" data-image-meta=\"{&quot;aperture&quot;:&quot;0&quot;,&quot;credit&quot;:&quot;&quot;,&quot;camera&quot;:&quot;&quot;,&quot;caption&quot;:&quot;&quot;,&quot;created_timestamp&quot;:&quot;0&quot;,&quot;copyright&quot;:&quot;&quot;,&quot;focal_length&quot;:&quot;0&quot;,&quot;iso&quot;:&quot;0&quot;,&quot;shutter_speed&quot;:&quot;0&quot;,&quot;title&quot;:&quot;&quot;,&quot;orientation&quot;:&quot;1&quot;}\" data-image-title=\"porto-pino-tuebingen\" data-image-description=\"\" data-image-caption=\"\" data-large-file=\"https:\/\/i0.wp.com\/hc-tuebingen.de\/wp-content\/uploads\/2024\/04\/porto-pino-tuebingen.jpg?fit=420%2C55&amp;ssl=1\" class=\"alignnone wp-image-2064 size-medium\" src=\"https:\/\/i0.wp.com\/hc-tuebingen.de\/wp-content\/uploads\/2024\/04\/porto-pino-tuebingen.jpg?resize=300%2C39&#038;ssl=1\" alt=\"\" width=\"300\" height=\"39\" srcset=\"https:\/\/i0.wp.com\/hc-tuebingen.de\/wp-content\/uploads\/2024\/04\/porto-pino-tuebingen.jpg?resize=300%2C39&amp;ssl=1 300w, https:\/\/i0.wp.com\/hc-tuebingen.de\/wp-content\/uploads\/2024\/04\/porto-pino-tuebingen.jpg?w=420&amp;ssl=1 420w\" sizes=\"auto, (max-width: 300px) 100vw, 300px\" \/><\/p>\n<p><strong>PortoPino<br \/>\n<\/strong>T\u00e4glich hausgemachtes italienisches Eis und Kaffee-Spezialit\u00e4ten die begeistern. Die Eis-Spezialit\u00e4ten werden aus erstklassigen Zutaten und besten Fr\u00fcchten hergestellt. Und diese Qualit\u00e4t schmeckt man!<\/p>\n<p>Neckargasse 15<br \/>\n72070 T\u00fcbingen<\/p>\n<p>Telefon: 07071 550099<br \/>\nWebsite: <a href=\"http:\/\/www.portopino-tuebingen.de\">www.portopino-tuebingen.de<\/a><\/p>\n<hr \/>\n<p><img data-recalc-dims=\"1\" loading=\"lazy\" decoding=\"async\" data-attachment-id=\"2075\" data-permalink=\"https:\/\/hc-tuebingen.de\/?attachment_id=2075#main\" data-orig-file=\"https:\/\/i0.wp.com\/hc-tuebingen.de\/wp-content\/uploads\/2024\/04\/Quester-Logo.jpg?fit=682%2C200&amp;ssl=1\" data-orig-size=\"682,200\" data-comments-opened=\"0\" data-image-meta=\"{&quot;aperture&quot;:&quot;0&quot;,&quot;credit&quot;:&quot;&quot;,&quot;camera&quot;:&quot;&quot;,&quot;caption&quot;:&quot;&quot;,&quot;created_timestamp&quot;:&quot;0&quot;,&quot;copyright&quot;:&quot;&quot;,&quot;focal_length&quot;:&quot;0&quot;,&quot;iso&quot;:&quot;0&quot;,&quot;shutter_speed&quot;:&quot;0&quot;,&quot;title&quot;:&quot;&quot;,&quot;orientation&quot;:&quot;1&quot;}\" data-image-title=\"Quester-Logo\" data-image-description=\"\" data-image-caption=\"\" data-large-file=\"https:\/\/i0.wp.com\/hc-tuebingen.de\/wp-content\/uploads\/2024\/04\/Quester-Logo.jpg?fit=620%2C182&amp;ssl=1\" class=\"alignnone wp-image-2075\" src=\"https:\/\/i0.wp.com\/hc-tuebingen.de\/wp-content\/uploads\/2024\/04\/Quester-Logo.jpg?resize=200%2C59&#038;ssl=1\" alt=\"\" width=\"200\" height=\"59\" srcset=\"https:\/\/i0.wp.com\/hc-tuebingen.de\/wp-content\/uploads\/2024\/04\/Quester-Logo.jpg?resize=300%2C88&amp;ssl=1 300w, https:\/\/i0.wp.com\/hc-tuebingen.de\/wp-content\/uploads\/2024\/04\/Quester-Logo.jpg?w=682&amp;ssl=1 682w\" sizes=\"auto, (max-width: 200px) 100vw, 200px\" \/><\/p>\n<p><strong>Zahn\u00e4rzte Quester<br \/>\n<\/strong>Lachen ist die beste Medizin. Zu einem strahlenden Lachen geh\u00f6ren gesunde und sch\u00f6ne Z\u00e4hne. Sch\u00f6ne Z\u00e4hne verleihen Sicherheit und Ausstrahlung. Wir bieten Ihnen moderne Zahnheilkunde, ein breites Behandlungsspektrum und h\u00f6chste fachliche Qualit\u00e4t in einem eingespielten Team.<\/p>\n<p>Mohlstra\u00dfe 26<br \/>\n72070 T\u00fcbingen<\/p>\n<p>Telefon: 07071 138 7777<br \/>\nE-Mail: <a href=\"mailto:kontakt@zahnaerzte-quester.de\">kontakt@zahnaerzte-quester.de<\/a><a href=\"http:\/\/info@hockeyshop.de\/\"><br \/>\n<\/a>Website: <a href=\"http:\/\/www.zahnaerzte-quester.de\">www.zahnaerzte-quester.de<\/a><\/p>\n<hr \/>\n<p><img data-recalc-dims=\"1\" loading=\"lazy\" decoding=\"async\" data-attachment-id=\"2271\" data-permalink=\"https:\/\/hc-tuebingen.de\/?attachment_id=2271#main\" data-orig-file=\"https:\/\/i0.wp.com\/hc-tuebingen.de\/wp-content\/uploads\/2025\/04\/EZQ.png?fit=285%2C167&amp;ssl=1\" data-orig-size=\"285,167\" data-comments-opened=\"0\" data-image-meta=\"{&quot;aperture&quot;:&quot;0&quot;,&quot;credit&quot;:&quot;&quot;,&quot;camera&quot;:&quot;&quot;,&quot;caption&quot;:&quot;&quot;,&quot;created_timestamp&quot;:&quot;0&quot;,&quot;copyright&quot;:&quot;&quot;,&quot;focal_length&quot;:&quot;0&quot;,&quot;iso&quot;:&quot;0&quot;,&quot;shutter_speed&quot;:&quot;0&quot;,&quot;title&quot;:&quot;&quot;,&quot;orientation&quot;:&quot;0&quot;}\" data-image-title=\"EZQ\" data-image-description=\"\" data-image-caption=\"\" data-large-file=\"https:\/\/i0.wp.com\/hc-tuebingen.de\/wp-content\/uploads\/2025\/04\/EZQ.png?fit=285%2C167&amp;ssl=1\" class=\"alignnone wp-image-2271\" src=\"https:\/\/i0.wp.com\/hc-tuebingen.de\/wp-content\/uploads\/2025\/04\/EZQ.png?resize=171%2C100&#038;ssl=1\" alt=\"\" width=\"171\" height=\"100\" \/><\/p>\n<p><strong>Romina Mineralbrunnen GmbH<br \/>\n<\/strong>Romina Mineralbrunnen ist ein moderner Brunnenbetrieb mit Sitz in Reutlingen-Rommelsbach. Hier entspringen die Quellen der beliebten Marken EiszeitQuell und SilberBrunnen. Die Romina-Produkte werden regional vertrieben, Schwerpunkt ist Baden-W\u00fcrttemberg.<\/p>\n<p>Germanenstra\u00dfe 21<br \/>\n72768 Reutlingen<\/p>\n<p>Telefon: 07121 9615 0<br \/>\nE-Mail: <a href=\"mailto:info@eiszeitquell.de\">info@eiszeitquell.de<\/a><a href=\"http:\/\/info@hockeyshop.de\/\"><br \/>\n<\/a>Website: <a href=\"http:\/\/www.eiszeitquell.de\">www.eiszeitquell.de<\/a><\/p>\n<hr \/>\n<p><img data-recalc-dims=\"1\" loading=\"lazy\" decoding=\"async\" data-attachment-id=\"1972\" data-permalink=\"https:\/\/hc-tuebingen.de\/?attachment_id=1972#main\" data-orig-file=\"https:\/\/i0.wp.com\/hc-tuebingen.de\/wp-content\/uploads\/2023\/10\/OurHockey-Logo-1.png?fit=139%2C59&amp;ssl=1\" data-orig-size=\"139,59\" data-comments-opened=\"0\" data-image-meta=\"{&quot;aperture&quot;:&quot;0&quot;,&quot;credit&quot;:&quot;&quot;,&quot;camera&quot;:&quot;&quot;,&quot;caption&quot;:&quot;&quot;,&quot;created_timestamp&quot;:&quot;0&quot;,&quot;copyright&quot;:&quot;&quot;,&quot;focal_length&quot;:&quot;0&quot;,&quot;iso&quot;:&quot;0&quot;,&quot;shutter_speed&quot;:&quot;0&quot;,&quot;title&quot;:&quot;&quot;,&quot;orientation&quot;:&quot;0&quot;}\" data-image-title=\"OurHockey-Logo\" data-image-description=\"\" data-image-caption=\"\" data-large-file=\"https:\/\/i0.wp.com\/hc-tuebingen.de\/wp-content\/uploads\/2023\/10\/OurHockey-Logo-1.png?fit=139%2C59&amp;ssl=1\" class=\"wp-image-1972 size-full alignnone\" src=\"https:\/\/i0.wp.com\/hc-tuebingen.de\/wp-content\/uploads\/2023\/10\/OurHockey-Logo-1.png?resize=139%2C59&#038;ssl=1\" alt=\"\" width=\"139\" height=\"59\" \/><\/p>\n<p><strong>ourhockey \u2013 Shop Homebase<br \/>\n<\/strong>Porschestra\u00dfe 4<br \/>\n71691 Freiberg am Neckar<br \/>\nDi \/ Do \/ Fr\u00a0 14:30 bis 18:00 Uhr<br \/>\nSa\u00a0 10:00 bis 14:00 Uhr<\/p>\n<p><strong>ourhockey \u2013 Shop Stuttgarter Kickers<br \/>\n<\/strong>Do \/ Fr\u00a0 16.15 bis 18.30 Uhr<\/p>\n<p>Telefon: 0176 42025015<br \/>\nE-Mail: <a href=\"mailto:ourhockey@ourhockey.de\">ourhockey@ourhockey.de<\/a><a href=\"http:\/\/info@hockeyshop.de\/\"><br \/>\n<\/a>Website: <a href=\"http:\/\/www.ourhockey.de\/\">www.hockeyshop.de<\/a><\/p>\n<hr \/>\n<p><img data-recalc-dims=\"1\" loading=\"lazy\" decoding=\"async\" data-attachment-id=\"1963\" data-permalink=\"https:\/\/hc-tuebingen.de\/?attachment_id=1963#main\" data-orig-file=\"https:\/\/i0.wp.com\/hc-tuebingen.de\/wp-content\/uploads\/2023\/10\/Amazon-Logo.png?fit=139%2C60&amp;ssl=1\" data-orig-size=\"139,60\" data-comments-opened=\"0\" data-image-meta=\"{&quot;aperture&quot;:&quot;0&quot;,&quot;credit&quot;:&quot;&quot;,&quot;camera&quot;:&quot;&quot;,&quot;caption&quot;:&quot;&quot;,&quot;created_timestamp&quot;:&quot;0&quot;,&quot;copyright&quot;:&quot;&quot;,&quot;focal_length&quot;:&quot;0&quot;,&quot;iso&quot;:&quot;0&quot;,&quot;shutter_speed&quot;:&quot;0&quot;,&quot;title&quot;:&quot;&quot;,&quot;orientation&quot;:&quot;0&quot;}\" data-image-title=\"Amazon-Logo\" data-image-description=\"\" data-image-caption=\"\" data-large-file=\"https:\/\/i0.wp.com\/hc-tuebingen.de\/wp-content\/uploads\/2023\/10\/Amazon-Logo.png?fit=139%2C60&amp;ssl=1\" class=\"size-full wp-image-1963 alignnone\" src=\"https:\/\/i0.wp.com\/hc-tuebingen.de\/wp-content\/uploads\/2023\/10\/Amazon-Logo.png?resize=139%2C60&#038;ssl=1\" alt=\"\" width=\"139\" height=\"60\" \/><\/p>\n<p><strong>DER HCT UND DAS AMAZON PARTNERPROGRAMM<br \/>\n<\/strong>Einfach die n\u00e4chste Einkaufstour bei Amazon \u00fcber den HCT Link beginnen und den Hockeysport in T\u00fcbingen unterst\u00fctzen!<\/p>\n<div id=\"innerContent\">\n<h6>Wie funktioniert&#8217;s?<\/h6>\n<p><a style=\"color: #aaaaaa;\" href=\"http:\/\/www.amazon.de\/exec\/obidos\/redirect-home?tag=wwwhctuebinge-21&amp;site=home\" target=\"_blank\" rel=\"noopener\"><img data-recalc-dims=\"1\" decoding=\"async\" class=\"alignright\" src=\"https:\/\/i0.wp.com\/www.hctuebingen.sport-id.de\/content\/hctuebingen\/public\/files\/images\/index%282%29.jpg?w=620\" alt=\"\" \/><\/a>Der HCT nutzt das Partnerprogramm von Amazon. Im diesem Rahmen \u00fcberweist Amazon f\u00fcr jedes \u00fcber den Link auf der Homepage gekaufte Amazon-Produkt eine kleine Provision an den HCT. Durch einfaches Klicken auf diesen <a href=\"http:\/\/www.amazon.de\/exec\/obidos\/redirect-home?tag=wwwhctuebinge-21&amp;site=home\" target=\"_blank\" rel=\"noopener\">Link<\/a>\u00a0oder auf das Amazon Logo\u00a0gelangt man zum gewohnten Sortiment von Amazon.<\/p>\n<h6>Warum sollte Amazon das tun?<\/h6>\n<p>Das Partnerprogramm existiert schon seit Jahren und ist vielfach bew\u00e4hrt. Das Amazon Logo ist dadurch auf tausenden Webseiten pr\u00e4sent und l\u00e4dt Kunden zum shoppen bei Amazon ein. Kommt beim surfen auf den Amazon Seiten tats\u00e4chlich ein Kauf zustande, bedankt sich Amazon mit einer kleinen Provision bei demjenigen, der die Werbefl\u00e4che (Link) zur Verf\u00fcgung stellt.<\/p>\n<h6>Wo ist der Haken?<\/h6>\n<p>Es gibt keinen.<br \/>\nDie Provision \u00e4ndert nichts am Kaufpreis des ausgesuchten Amazon Produktes.<br \/>\n\u00dcber den HCT Link hat man Zugriff auf das gewohnte Online Angebot von Amazon.<br \/>\nDer Link stellt somit nur einen kleinen Umweg dar, das Ziel bleibt gleich.<br \/>\nEs werden keine zus\u00e4tzlichen Daten erhoben oder weitergeleitet,<br \/>\nauch der HCT wei\u00df zu keinem Zeitpunkt wer, was, wann \u00fcber den Link bestellt hat.<\/p>\n<p>Also: die n\u00e4chste Amazon Einkaufstour auf den Seiten des HCT starten und damit den Verein finanziell unterst\u00fctzen!<\/p>\n<p>Bei R\u00fcckfragen: <a href=\"mailto:medienreferent@hc-tuebingen.de\">medienreferent@hc-tuebingen.de<\/a><\/p>\n<\/div>\n<p>&nbsp;<\/p>\n","protected":false},"excerpt":{"rendered":"<p>Gabert Rebstock Software GmbH Innovative und moderne Branchenprodukte f\u00fcr Brauereien, Brunnen, Safthersteller, Keltereien und Getr\u00e4nkefachh\u00e4ndler. Ziegelweg 1\/1 72764 Reutlingen Telefon: 07121 4348981 E-Mail: info@grs-systeme.de Website: www.grs-systeme.de swt Stadtwerke T\u00fcbingen Ihr regionaler Energieversorger in T\u00fcbingen Die Stadtwerke T\u00fcbingen versorgen die Region nachhaltig mit Energie, Trinkwasser, \u00d6PNV, E-Mobilit\u00e4t, Telekommunikation, Parkh\u00e4usern, Schwimmb\u00e4dern und weiteren Services. Eisenhutstra\u00dfe 6 72072 &hellip; <a href=\"https:\/\/hc-tuebingen.de\/?page_id=181\" class=\"more-link\">Weiterlesen <span class=\"screen-reader-text\">Partner und Sponsoren<\/span><\/a><\/p>\n","protected":false},"author":1,"featured_media":0,"parent":5,"menu_order":2,"comment_status":"closed","ping_status":"closed","template":"","meta":{"footnotes":""},"class_list":["post-181","page","type-page","status-publish","hentry","without-featured-image"],"jetpack_sharing_enabled":true,"jetpack_shortlink":"https:\/\/wp.me\/P9nm0i-2V","jetpack_likes_enabled":true,"_links":{"self":[{"href":"https:\/\/hc-tuebingen.de\/index.php?rest_route=\/wp\/v2\/pages\/181","targetHints":{"allow":["GET"]}}],"collection":[{"href":"https:\/\/hc-tuebingen.de\/index.php?rest_route=\/wp\/v2\/pages"}],"about":[{"href":"https:\/\/hc-tuebingen.de\/index.php?rest_route=\/wp\/v2\/types\/page"}],"author":[{"embeddable":true,"href":"https:\/\/hc-tuebingen.de\/index.php?rest_route=\/wp\/v2\/users\/1"}],"replies":[{"embeddable":true,"href":"https:\/\/hc-tuebingen.de\/index.php?rest_route=%2Fwp%2Fv2%2Fcomments&post=181"}],"version-history":[{"count":36,"href":"https:\/\/hc-tuebingen.de\/index.php?rest_route=\/wp\/v2\/pages\/181\/revisions"}],"predecessor-version":[{"id":2308,"href":"https:\/\/hc-tuebingen.de\/index.php?rest_route=\/wp\/v2\/pages\/181\/revisions\/2308"}],"up":[{"embeddable":true,"href":"https:\/\/hc-tuebingen.de\/index.php?rest_route=\/wp\/v2\/pages\/5"}],"wp:attachment":[{"href":"https:\/\/hc-tuebingen.de\/index.php?rest_route=%2Fwp%2Fv2%2Fmedia&parent=181"}],"curies":[{"name":"wp","href":"https:\/\/api.w.org\/{rel}","templated":true}]}}