{"id":15,"date":"2017-05-09T13:49:09","date_gmt":"2017-05-09T11:49:09","guid":{"rendered":"http:\/\/localhost\/wordpress\/?page_id=15"},"modified":"2025-10-08T09:53:47","modified_gmt":"2025-10-08T07:53:47","slug":"downloads","status":"publish","type":"page","link":"https:\/\/hc-tuebingen.de\/?page_id=15","title":{"rendered":"Downloads"},"content":{"rendered":"<p>Hier im Download-Bereich findet Ihr alle wichtigen Formulare und Dokumente rund um den Hockey Club T\u00fcbingen. Wenn Ihr etwas nicht findet, ist es m\u00f6glich, dass wir diese Dokumente nicht zum \u00f6ffentlichen Download freigeben wollen oder \u00e4hnliches. Wenn Ihr Euch direkt an uns wendet, k\u00f6nnen wir mit Sicherheit weiterhelfen!<\/p>\n<p><strong>Beitrittserkl\u00e4rung:\u00a0<\/strong><a href=\"https:\/\/hc-tuebingen.de\/wp-content\/uploads\/2025\/05\/HCT-Beitrittserkla\u0308rung-05-2024.pdf\" target=\"_blank\" rel=\"noopener\">Download<\/a><\/p>\n<p><strong>Beitragsordnung:\u00a0<\/strong><a href=\"https:\/\/hc-tuebingen.de\/wp-content\/uploads\/2025\/05\/HCT-Beitragsordnung-05-2024.pdf\" target=\"_blank\" rel=\"noopener\">Download<\/a><\/p>\n<p><strong>Satzung:\u00a0<\/strong><a href=\"https:\/\/hc-tuebingen.de\/wp-content\/uploads\/2025\/05\/HCT-Satzung_05-2025.pdf\" target=\"_blank\" rel=\"noopener\">Download<\/a><\/p>\n<p><strong>Leitbild:\u00a0<\/strong><a href=\"https:\/\/hc-tuebingen.de\/wp-content\/uploads\/2022\/01\/HCT-Leitbild_Entwurf_27-06-2020.pdf\" target=\"_blank\" rel=\"noopener\">Download<\/a><\/p>\n<p><strong>Pflichtstundenk\u00e4rtle:\u00a0<\/strong><a href=\"https:\/\/hc-tuebingen.de\/wp-content\/uploads\/2018\/01\/pflichtstundenkaertle.pdf\" target=\"_blank\" rel=\"noopener\">Download<\/a><br \/>\n<a href=\"https:\/\/hc-tuebingen.de\/wp-content\/uploads\/2019\/03\/Information_Pflichtstunden_Homepage.pdf\">Infos Pflichtstunden<\/a><\/p>\n<p><strong>Abrechnung Auslagen:\u00a0<\/strong><a href=\"https:\/\/hc-tuebingen.de\/wp-content\/uploads\/2022\/01\/HCT_Abrechnung_interaktiv_2022.pdf\" target=\"_blank\" rel=\"noopener\">Download<\/a><\/p>\n<p><strong>Anmerkungen \u00dcbungsleiter:\u00a0<\/strong><a href=\"https:\/\/hc-tuebingen.de\/wp-content\/uploads\/2024\/12\/HCT_Merkblatt_Uebungsleiter_2023.pdf\" target=\"_blank\" rel=\"noopener\">Download<\/a><\/p>\n","protected":false},"excerpt":{"rendered":"<p>Hier im Download-Bereich findet Ihr alle wichtigen Formulare und Dokumente rund um den Hockey Club T\u00fcbingen. Wenn Ihr etwas nicht findet, ist es m\u00f6glich, dass wir diese Dokumente nicht zum \u00f6ffentlichen Download freigeben wollen oder \u00e4hnliches. Wenn Ihr Euch direkt an uns wendet, k\u00f6nnen wir mit Sicherheit weiterhelfen! Beitrittserkl\u00e4rung:\u00a0Download Beitragsordnung:\u00a0Download Satzung:\u00a0Download Leitbild:\u00a0Download Pflichtstundenk\u00e4rtle:\u00a0Download Infos Pflichtstunden &hellip; <a href=\"https:\/\/hc-tuebingen.de\/?page_id=15\" class=\"more-link\">Weiterlesen <span class=\"screen-reader-text\">Downloads<\/span><\/a><\/p>\n","protected":false},"author":1,"featured_media":0,"parent":0,"menu_order":0,"comment_status":"closed","ping_status":"closed","template":"","meta":{"footnotes":""},"class_list":["post-15","page","type-page","status-publish","hentry","without-featured-image"],"jetpack_sharing_enabled":true,"jetpack_shortlink":"https:\/\/wp.me\/P9nm0i-f","jetpack_likes_enabled":true,"_links":{"self":[{"href":"https:\/\/hc-tuebingen.de\/index.php?rest_route=\/wp\/v2\/pages\/15","targetHints":{"allow":["GET"]}}],"collection":[{"href":"https:\/\/hc-tuebingen.de\/index.php?rest_route=\/wp\/v2\/pages"}],"about":[{"href":"https:\/\/hc-tuebingen.de\/index.php?rest_route=\/wp\/v2\/types\/page"}],"author":[{"embeddable":true,"href":"https:\/\/hc-tuebingen.de\/index.php?rest_route=\/wp\/v2\/users\/1"}],"replies":[{"embeddable":true,"href":"https:\/\/hc-tuebingen.de\/index.php?rest_route=%2Fwp%2Fv2%2Fcomments&post=15"}],"version-history":[{"count":24,"href":"https:\/\/hc-tuebingen.de\/index.php?rest_route=\/wp\/v2\/pages\/15\/revisions"}],"predecessor-version":[{"id":2580,"href":"https:\/\/hc-tuebingen.de\/index.php?rest_route=\/wp\/v2\/pages\/15\/revisions\/2580"}],"wp:attachment":[{"href":"https:\/\/hc-tuebingen.de\/index.php?rest_route=%2Fwp%2Fv2%2Fmedia&parent=15"}],"curies":[{"name":"wp","href":"https:\/\/api.w.org\/{rel}","templated":true}]}}